{"id":586,"date":"2023-12-05T21:08:34","date_gmt":"2023-12-05T20:08:34","guid":{"rendered":"https:\/\/cyfa.com.ar\/the-firm\/"},"modified":"2025-08-19T15:53:00","modified_gmt":"2025-08-19T13:53:00","slug":"la-firma","status":"publish","type":"page","link":"https:\/\/cyfa.com.ar\/es\/la-firma\/","title":{"rendered":"La Firma"},"content":{"rendered":"\t\t<div data-elementor-type=\"wp-page\" data-elementor-id=\"586\" class=\"elementor elementor-586 elementor-21\">\n\t\t\t\t<div class=\"elementor-element elementor-element-3a8b5c3 pt-20 e-flex e-con-boxed e-con e-parent\" data-id=\"3a8b5c3\" data-element_type=\"container\">\n\t\t\t\t\t<div class=\"e-con-inner\">\n\t\t\t\t<div class=\"elementor-element elementor-element-6790224 text-5xl elementor-widget elementor-widget-heading\" data-id=\"6790224\" data-element_type=\"widget\" data-widget_type=\"heading.default\">\n\t\t\t\t<div class=\"elementor-widget-container\">\n\t\t\t\t\t<h2 class=\"elementor-heading-title elementor-size-default\">LA <b class=\"rojo\">FIRMA<\/b><\/h2>\t\t\t\t<\/div>\n\t\t\t\t<\/div>\n\t\t\t\t<div class=\"elementor-element elementor-element-7de2a17 text-xl lg:text-2xl md:text-2xl text-justify elementor-widget elementor-widget-text-editor\" data-id=\"7de2a17\" data-element_type=\"widget\" data-widget_type=\"text-editor.default\">\n\t\t\t\t<div class=\"elementor-widget-container\">\n\t\t\t\t\t\t\t\t\t<p>Establecida en 2007 y con sede en la Ciudad de Buenos Aires, <b>CYFA<\/b> <b class=\"rojo\">Abogados<\/b>\u00a0es un estudio jur\u00eddico integral que ofrece una amplia gama de servicios legales para diversas industrias, incluyendo aviaci\u00f3n, seguros, turismo, biotecnolog\u00eda, industria farmac\u00e9utica, nuevas tecnolog\u00edas, fintech, agroindustria, bienes ra\u00edces, energ\u00edas renovables, entre otras. Nuestros equipos de profesionales se destacan por comprender y analizar a fondo cada negocio presentado por nuestros clientes, centr\u00e1ndose en los aspectos legales y las complejidades espec\u00edficas de cada industria.<\/p>\t\t\t\t\t\t\t\t<\/div>\n\t\t\t\t<\/div>\n\t\t\t\t<div class=\"elementor-element elementor-element-5d342ac elementor-widget elementor-widget-spacer\" data-id=\"5d342ac\" data-element_type=\"widget\" data-widget_type=\"spacer.default\">\n\t\t\t\t<div class=\"elementor-widget-container\">\n\t\t\t\t\t\t\t<div class=\"elementor-spacer\">\n\t\t\t<div class=\"elementor-spacer-inner\"><\/div>\n\t\t<\/div>\n\t\t\t\t\t\t<\/div>\n\t\t\t\t<\/div>\n\t\t\t\t<div class=\"elementor-element elementor-element-1923c1f text-xl lg:text-2xl md:text-2xl text-justify elementor-widget elementor-widget-text-editor\" data-id=\"1923c1f\" data-element_type=\"widget\" data-widget_type=\"text-editor.default\">\n\t\t\t\t<div class=\"elementor-widget-container\">\n\t\t\t\t\t\t\t\t\tCuando se trata de nuestros clientes, combinamos soluciones creativas con pragmatismo y s\u00edntesis para brindar el mejor asesoramiento estrat\u00e9gico. Sabemos que cada caso es \u00fanico, y nuestra capacidad para adaptarnos y encontrar soluciones efectivas es nuestra premisa de trabajo.\t\t\t\t\t\t\t\t<\/div>\n\t\t\t\t<\/div>\n\t\t\t\t<div class=\"elementor-element elementor-element-9b097ad elementor-widget elementor-widget-spacer\" data-id=\"9b097ad\" data-element_type=\"widget\" data-widget_type=\"spacer.default\">\n\t\t\t\t<div class=\"elementor-widget-container\">\n\t\t\t\t\t\t\t<div class=\"elementor-spacer\">\n\t\t\t<div class=\"elementor-spacer-inner\"><\/div>\n\t\t<\/div>\n\t\t\t\t\t\t<\/div>\n\t\t\t\t<\/div>\n\t\t\t\t<div class=\"elementor-element elementor-element-73ae243 text-xl lg:text-2xl md:text-2xl text-justify elementor-widget elementor-widget-text-editor\" data-id=\"73ae243\" data-element_type=\"widget\" data-widget_type=\"text-editor.default\">\n\t\t\t\t<div class=\"elementor-widget-container\">\n\t\t\t\t\t\t\t\t\tTrabajamos con clientes nacionales e internacionales en transacciones y operaciones locales y transfronterizas.\t\t\t\t\t\t\t\t<\/div>\n\t\t\t\t<\/div>\n\t\t\t\t<div class=\"elementor-element elementor-element-9b55646 elementor-widget elementor-widget-spacer\" data-id=\"9b55646\" data-element_type=\"widget\" data-widget_type=\"spacer.default\">\n\t\t\t\t<div class=\"elementor-widget-container\">\n\t\t\t\t\t\t\t<div class=\"elementor-spacer\">\n\t\t\t<div class=\"elementor-spacer-inner\"><\/div>\n\t\t<\/div>\n\t\t\t\t\t\t<\/div>\n\t\t\t\t<\/div>\n\t\t\t\t\t<\/div>\n\t\t\t\t<\/div>\n\t\t<div class=\"elementor-element elementor-element-c3ef983 e-con-full e-flex e-con e-parent\" data-id=\"c3ef983\" data-element_type=\"container\">\n\t\t\t\t<div class=\"elementor-element elementor-element-c981e25 elementor-widget elementor-widget-image\" data-id=\"c981e25\" data-element_type=\"widget\" data-widget_type=\"image.default\">\n\t\t\t\t<div class=\"elementor-widget-container\">\n\t\t\t\t\t\t\t\t\t\t\t\t\t\t\t<img fetchpriority=\"high\" decoding=\"async\" width=\"1366\" height=\"469\" src=\"https:\/\/cyfa.com.ar\/wp-content\/uploads\/2023\/12\/the-firm.jpg\" class=\"attachment-full size-full wp-image-538\" alt=\"\" srcset=\"https:\/\/cyfa.com.ar\/wp-content\/uploads\/2023\/12\/the-firm.jpg 1366w, https:\/\/cyfa.com.ar\/wp-content\/uploads\/2023\/12\/the-firm-300x103.jpg 300w, https:\/\/cyfa.com.ar\/wp-content\/uploads\/2023\/12\/the-firm-1024x352.jpg 1024w, https:\/\/cyfa.com.ar\/wp-content\/uploads\/2023\/12\/the-firm-768x264.jpg 768w\" sizes=\"(max-width: 1366px) 100vw, 1366px\" \/>\t\t\t\t\t\t\t\t\t\t\t\t\t\t\t<\/div>\n\t\t\t\t<\/div>\n\t\t\t\t<\/div>\n\t\t\t\t<\/div>\n\t\t","protected":false},"excerpt":{"rendered":"<p>LA FIRMA Establecida en 2007 y con sede en la Ciudad de Buenos Aires, CYFA Abogados\u00a0es un estudio jur\u00eddico integral que ofrece una amplia gama de servicios legales para diversas industrias, incluyendo aviaci\u00f3n, seguros, turismo, biotecnolog\u00eda, industria farmac\u00e9utica, nuevas tecnolog\u00edas, fintech, agroindustria, bienes ra\u00edces, energ\u00edas renovables, entre otras. Nuestros equipos de profesionales se destacan por [&hellip;]<\/p>\n","protected":false},"author":1,"featured_media":0,"parent":0,"menu_order":0,"comment_status":"closed","ping_status":"closed","template":"","meta":{"_acf_changed":false,"inline_featured_image":false,"footnotes":""},"class_list":["post-586","page","type-page","status-publish","hentry"],"acf":[],"_links":{"self":[{"href":"https:\/\/cyfa.com.ar\/es\/wp-json\/wp\/v2\/pages\/586","targetHints":{"allow":["GET"]}}],"collection":[{"href":"https:\/\/cyfa.com.ar\/es\/wp-json\/wp\/v2\/pages"}],"about":[{"href":"https:\/\/cyfa.com.ar\/es\/wp-json\/wp\/v2\/types\/page"}],"author":[{"embeddable":true,"href":"https:\/\/cyfa.com.ar\/es\/wp-json\/wp\/v2\/users\/1"}],"replies":[{"embeddable":true,"href":"https:\/\/cyfa.com.ar\/es\/wp-json\/wp\/v2\/comments?post=586"}],"version-history":[{"count":11,"href":"https:\/\/cyfa.com.ar\/es\/wp-json\/wp\/v2\/pages\/586\/revisions"}],"predecessor-version":[{"id":847,"href":"https:\/\/cyfa.com.ar\/es\/wp-json\/wp\/v2\/pages\/586\/revisions\/847"}],"wp:attachment":[{"href":"https:\/\/cyfa.com.ar\/es\/wp-json\/wp\/v2\/media?parent=586"}],"curies":[{"name":"wp","href":"https:\/\/api.w.org\/{rel}","templated":true}]}}