{"id":589,"date":"2023-12-05T21:01:19","date_gmt":"2023-12-05T20:01:19","guid":{"rendered":"https:\/\/cyfa.com.ar\/home\/"},"modified":"2025-08-19T15:53:22","modified_gmt":"2025-08-19T13:53:22","slug":"inicio","status":"publish","type":"page","link":"https:\/\/cyfa.com.ar\/es\/","title":{"rendered":"Inicio"},"content":{"rendered":"\t\t<div data-elementor-type=\"wp-page\" data-elementor-id=\"589\" class=\"elementor elementor-589 elementor-9\">\n\t\t\t\t<div class=\"elementor-element elementor-element-d9cc9ff pt-40 pb-20 e-flex e-con-boxed e-con e-parent\" data-id=\"d9cc9ff\" data-element_type=\"container\">\n\t\t\t\t\t<div class=\"e-con-inner\">\n\t\t<div class=\"elementor-element elementor-element-71eb257 lg:py-28 lg:pt-14 py-10 pt-10 e-flex e-con-boxed e-con e-child\" data-id=\"71eb257\" data-element_type=\"container\">\n\t\t\t\t\t<div class=\"e-con-inner\">\n\t\t\t\t<div class=\"elementor-element elementor-element-4afa85e elementor-widget elementor-widget-image\" data-id=\"4afa85e\" data-element_type=\"widget\" data-widget_type=\"image.default\">\n\t\t\t\t<div class=\"elementor-widget-container\">\n\t\t\t\t\t\t\t\t\t\t\t\t\t\t\t<img fetchpriority=\"high\" decoding=\"async\" width=\"474\" height=\"216\" src=\"https:\/\/cyfa.com.ar\/wp-content\/uploads\/2025\/08\/cyfa.svg\" class=\"attachment-full size-full wp-image-839\" alt=\"\" \/>\t\t\t\t\t\t\t\t\t\t\t\t\t\t\t<\/div>\n\t\t\t\t<\/div>\n\t\t\t\t\t<\/div>\n\t\t\t\t<\/div>\n\t\t\t\t<div class=\"elementor-element elementor-element-452de6f text-xl lg:text-2xl md:text-2xl text-justify elementor-widget elementor-widget-text-editor\" data-id=\"452de6f\" data-element_type=\"widget\" data-widget_type=\"text-editor.default\">\n\t\t\t\t<div class=\"elementor-widget-container\">\n\t\t\t\t\t\t\t\t\t<strong class=\"rojo\">C<\/strong>on m\u00e1s de dos d\u00e9cadas de experiencia y un equipo altamente competente, somos l\u00edderes en asesoramiento integral a empresas en diversas industrias, desde la aviaci\u00f3n comercial hasta la tecnolog\u00eda y m\u00e1s all\u00e1.\t\t\t\t\t\t\t\t<\/div>\n\t\t\t\t<\/div>\n\t\t\t\t<div class=\"elementor-element elementor-element-4b197fb elementor-widget elementor-widget-spacer\" data-id=\"4b197fb\" data-element_type=\"widget\" data-widget_type=\"spacer.default\">\n\t\t\t\t<div class=\"elementor-widget-container\">\n\t\t\t\t\t\t\t<div class=\"elementor-spacer\">\n\t\t\t<div class=\"elementor-spacer-inner\"><\/div>\n\t\t<\/div>\n\t\t\t\t\t\t<\/div>\n\t\t\t\t<\/div>\n\t\t\t\t<div class=\"elementor-element elementor-element-9a2cbde text-xl lg:text-2xl md:text-2xl text-justify elementor-widget elementor-widget-text-editor\" data-id=\"9a2cbde\" data-element_type=\"widget\" data-widget_type=\"text-editor.default\">\n\t\t\t\t<div class=\"elementor-widget-container\">\n\t\t\t\t\t\t\t\t\t<strong class=\"rojo\">N<\/strong>uestra visi\u00f3n innovadora y enfoque centrado en el cliente nos han convertido en socios confiables para gestionar transacciones complejas tanto en Argentina como a nivel internacional. Maximizamos el valor para los clientes al comprender a fondo sus industrias y objetivos, fomentando relaciones colaborativas a largo plazo. Ofrecemos soluciones personalizadas, de alta calidad, pr\u00e1cticas y orientadas a los negocios.\t\t\t\t\t\t\t\t<\/div>\n\t\t\t\t<\/div>\n\t\t\t\t\t<\/div>\n\t\t\t\t<\/div>\n\t\t\t\t<\/div>\n\t\t","protected":false},"excerpt":{"rendered":"<p>Con m\u00e1s de dos d\u00e9cadas de experiencia y un equipo altamente competente, somos l\u00edderes en asesoramiento integral a empresas en diversas industrias, desde la aviaci\u00f3n comercial hasta la tecnolog\u00eda y m\u00e1s all\u00e1. Nuestra visi\u00f3n innovadora y enfoque centrado en el cliente nos han convertido en socios confiables para gestionar transacciones complejas tanto en Argentina como [&hellip;]<\/p>\n","protected":false},"author":1,"featured_media":0,"parent":0,"menu_order":0,"comment_status":"closed","ping_status":"closed","template":"","meta":{"_acf_changed":false,"inline_featured_image":false,"footnotes":""},"class_list":["post-589","page","type-page","status-publish","hentry"],"acf":[],"_links":{"self":[{"href":"https:\/\/cyfa.com.ar\/es\/wp-json\/wp\/v2\/pages\/589","targetHints":{"allow":["GET"]}}],"collection":[{"href":"https:\/\/cyfa.com.ar\/es\/wp-json\/wp\/v2\/pages"}],"about":[{"href":"https:\/\/cyfa.com.ar\/es\/wp-json\/wp\/v2\/types\/page"}],"author":[{"embeddable":true,"href":"https:\/\/cyfa.com.ar\/es\/wp-json\/wp\/v2\/users\/1"}],"replies":[{"embeddable":true,"href":"https:\/\/cyfa.com.ar\/es\/wp-json\/wp\/v2\/comments?post=589"}],"version-history":[{"count":8,"href":"https:\/\/cyfa.com.ar\/es\/wp-json\/wp\/v2\/pages\/589\/revisions"}],"predecessor-version":[{"id":850,"href":"https:\/\/cyfa.com.ar\/es\/wp-json\/wp\/v2\/pages\/589\/revisions\/850"}],"wp:attachment":[{"href":"https:\/\/cyfa.com.ar\/es\/wp-json\/wp\/v2\/media?parent=589"}],"curies":[{"name":"wp","href":"https:\/\/api.w.org\/{rel}","templated":true}]}}